{"id":239,"date":"2024-11-12T13:54:16","date_gmt":"2024-11-12T13:54:16","guid":{"rendered":"https:\/\/www.malteuropmaltingco.pl\/?page_id=239"},"modified":"2025-10-15T13:53:08","modified_gmt":"2025-10-15T13:53:08","slug":"proces","status":"publish","type":"page","link":"https:\/\/www.malteuropmaltingco.pl\/pl\/proces\/","title":{"rendered":"PROCES"},"content":{"rendered":"\n<div class=\"wp-block-stackable-columns alignfull stk-block-columns stk-block stk-56a7bcc stk-block-background stk--has-background-overlay\" data-block-id=\"56a7bcc\"><style>.stk-56a7bcc {background-color:#b114196b !important;background-image:url(https:\/\/www.malteuropmaltingco.co.nz\/wp-content\/uploads\/2024\/12\/malteurop-process.jpg) !important;margin-bottom:0px !important;}.stk-56a7bcc:before{background-color:#b114196b !important;opacity:1 !important;}<\/style><div class=\"stk-row stk-inner-blocks stk-block-content stk-content-align stk-56a7bcc-column alignfull\">\n<div class=\"wp-block-stackable-column stk-block-column stk-column stk-block stk-5df15ae\" data-v=\"4\" data-block-id=\"5df15ae\"><style>.stk-5df15ae {margin-top:290px !important;margin-right:60px !important;margin-bottom:290px !important;margin-left:60px !important;}@media screen and (max-width:999px){.stk-5df15ae {margin-top:150px !important;margin-right:30px !important;margin-bottom:150px !important;margin-left:30px !important;}}@media screen and (max-width:689px){.stk-5df15ae {margin-top:100px !important;margin-right:0px !important;margin-bottom:100px !important;margin-left:0px !important;}}<\/style><div class=\"stk-column-wrapper stk-block-column__content stk-container stk-5df15ae-container stk--no-background stk--no-padding\"><div class=\"has-text-align-center stk-block-content stk-inner-blocks stk-5df15ae-inner-blocks\">\n<div class=\"wp-block-stackable-heading stk-block-heading stk-block-heading--v2 stk-block stk-c6a8f01\" id=\"wspolna-pasja-do-rzemiosla\" data-block-id=\"c6a8f01\"><style>.stk-c6a8f01 {margin-bottom:60px !important;}.stk-c6a8f01 .stk-block-heading__text{font-size:66px !important;color:var(--theme-palette-color-5, #f1eddd) !important;line-height:79.2px !important;font-weight:700 !important;}@media screen and (max-width:999px){.stk-c6a8f01 .stk-block-heading__text{font-size:50px !important;}}@media screen and (max-width:689px){.stk-c6a8f01 {margin-bottom:30px !important;}.stk-c6a8f01 .stk-block-heading__text{font-size:38px !important;line-height:60px !important;}}<\/style><h1 class=\"stk-block-heading__text has-text-color has-text-align-center\">Wsp\u00f3lna pasja do rzemios\u0142a<\/h1><\/div>\n<\/div><\/div><\/div>\n<\/div><\/div>\n\n\n\n<div class=\"wp-block-stackable-columns alignfull stk-block-columns stk-block stk-d347726\" data-block-id=\"d347726\"><style>.stk-d347726 {margin-bottom:0px !important;}<\/style><div class=\"stk-row stk-inner-blocks stk-block-content stk-content-align stk-d347726-column alignfull\">\n<div class=\"wp-block-stackable-column stk-block-column stk-column stk-block stk-5cfb68c stk-block-background stk--has-background-overlay\" data-v=\"4\" data-block-id=\"5cfb68c\"><style>.stk-5cfb68c {background-image:url(https:\/\/www.malteuropmaltingco.pl\/wp-content\/uploads\/2025\/03\/7913945a-4a77-6372-3f50-5499c7b9f656-IMG0000.avif) !important;}<\/style><div class=\"stk-column-wrapper stk-block-column__content stk-container stk-5cfb68c-container stk--no-background stk--no-padding\"><div class=\"stk-block-content stk-inner-blocks stk-5cfb68c-inner-blocks\"><\/div><\/div><\/div>\n\n\n\n<div class=\"wp-block-stackable-column stk-block-column stk-column stk-block stk-2270fd1\" data-v=\"4\" data-block-id=\"2270fd1\"><style>.stk-2270fd1 {padding-top:60px !important;padding-right:60px !important;padding-bottom:60px !important;padding-left:60px !important;}@media screen and (max-width:999px){.stk-2270fd1 {padding-top:30px !important;padding-right:30px !important;padding-bottom:30px !important;padding-left:30px !important;}}@media screen and (max-width:689px){.stk-2270fd1 {padding-top:20px !important;padding-right:20px !important;padding-bottom:20px !important;padding-left:20px !important;}}<\/style><div class=\"stk-column-wrapper stk-block-column__content stk-container stk-2270fd1-container stk--no-background stk--no-padding\"><div class=\"stk-block-content stk-inner-blocks stk-2270fd1-inner-blocks\">\n<div class=\"wp-block-stackable-heading stk-block-heading stk-block-heading--v2 stk-block stk-ce2b21c\" id=\"uprawa-jeczmienia\" data-block-id=\"ce2b21c\"><style>.stk-ce2b21c {margin-bottom:65px !important;}@media screen and (max-width:999px){.stk-ce2b21c {margin-bottom:30px !important;}}@media screen and (max-width:689px){.stk-ce2b21c {margin-bottom:20px !important;}}<\/style><h2 class=\"stk-block-heading__text\">Uprawa j\u0119czmienia<\/h2><\/div>\n\n\n\n<div class=\"wp-block-stackable-text stk-block-text stk-block stk-298ae90\" data-block-id=\"298ae90\"><style>.stk-298ae90 .stk-block-text__text{font-size:15px !important;line-height:22.5px !important;font-weight:400 !important;font-family:\"Montserrat\", Sans-serif !important;}@media screen and (max-width:999px){.stk-298ae90 .stk-block-text__text{font-size:15px !important;}}<\/style><p class=\"stk-block-text__text\">Malteurop u\u017cywa j\u0119czmienia rosn\u0105cego na najbardziej \u017cyznych glebach Polski. Znaczna wi\u0119kszo\u015b\u0107 j\u0119czmienia u\u017cywanego do produkcji s\u0142odu, uprawiana jest w p\u00f3\u0142nocnej cz\u0119\u015bci Polski, nieopodal naszej s\u0142odowni. Stowrzyli\u015bmy wieloletnie relacje partnerskie w zakresie uprawy j\u0119czmienia, kt\u00f3re \u0142\u0105cz\u0105 nas z plantatorami. Wsp\u00f3lnie zapewniamy solidne \u017ar\u00f3d\u0142o dostaw j\u0119czmienia do naszych s\u0142odowni \u2013 a tak\u017ce do naszych klient\u00f3w z browar\u00f3w rzemie\u015blniczych.<\/p><\/div>\n\n\n\n<h3 class=\"wp-block-heading\">Hodowla i innowacje w zakresie j\u0119czmienia<\/h3>\n\n\n\n<div class=\"wp-block-stackable-text stk-block-text stk-block stk-a020ab7\" data-block-id=\"a020ab7\"><p class=\"stk-block-text__text\">Nasza kontrola nad \u0142a\u0144cuchem dostaw oferuje naszym piwowarom ogromne korzy\u015bci, takie jak mo\u017cliwo\u015b\u0107 wej\u015bcia w teren i bezpo\u015bredniej pracy z naszymi hodowcami. Dzi\u0119ki naszemu innowacyjnemu programowi hodowli j\u0119czmienia nasi nabywcy staj\u0105 si\u0119 cz\u0119\u015bci\u0105 tego procesu, poniewa\u017c wsp\u00f3\u0142pracuj\u0105 z rolnikami, aby wsp\u00f3lnie identyfikowa\u0107 i dostosowywa\u0107 specjalne ziarna, kt\u00f3re osi\u0105gaj\u0105 po\u017c\u0105dany smak, kolor, aromat i wydajno\u015b\u0107.<\/p><\/div>\n<\/div><\/div><\/div>\n<\/div><\/div>\n\n\n\n<div class=\"wp-block-stackable-columns alignfull stk-block-columns stk-block stk-06510a2 stk-block-background stk--has-background-overlay\" data-block-id=\"06510a2\"><style>.stk-06510a2 {background-color:#b114196b !important;background-image:url(https:\/\/www.malteuropmaltingco.pl\/wp-content\/uploads\/2025\/03\/d290d095-6b13-0df9-0929-47151a7ac800-IMG0002.avif) !important;margin-bottom:0px !important;}.stk-06510a2:before{background-color:#b114196b !important;opacity:1 !important;}<\/style><div class=\"stk-row stk-inner-blocks stk-block-content stk-content-align stk-06510a2-column alignfull\">\n<div class=\"wp-block-stackable-column stk-block-column stk-column stk-block stk-61e848b\" data-v=\"4\" data-block-id=\"61e848b\"><style>.stk-61e848b {margin-top:290px !important;margin-right:60px !important;margin-bottom:290px !important;margin-left:60px !important;}@media screen and (max-width:999px){.stk-61e848b {margin-top:150px !important;margin-right:30px !important;margin-bottom:150px !important;margin-left:30px !important;}}@media screen and (max-width:689px){.stk-61e848b {margin-top:100px !important;margin-right:0px !important;margin-bottom:100px !important;margin-left:0px !important;}}<\/style><div class=\"stk-column-wrapper stk-block-column__content stk-container stk-61e848b-container stk--no-background stk--no-padding\"><div class=\"has-text-align-center stk-block-content stk-inner-blocks stk-61e848b-inner-blocks\">\n<div class=\"wp-block-stackable-heading stk-block-heading stk-block-heading--v2 stk-block stk-bd86fff\" id=\"wspieraj-naszych-rolnikow\" data-block-id=\"bd86fff\"><style>.stk-bd86fff {margin-bottom:60px !important;}.stk-bd86fff .stk-block-heading__text{font-size:66px !important;color:var(--theme-palette-color-5, #f1eddd) !important;line-height:79.2px !important;font-weight:700 !important;}@media screen and (max-width:999px){.stk-bd86fff .stk-block-heading__text{font-size:50px !important;}}@media screen and (max-width:689px){.stk-bd86fff {margin-bottom:30px !important;}.stk-bd86fff .stk-block-heading__text{font-size:38px !important;line-height:60px !important;}}<\/style><h1 class=\"stk-block-heading__text has-text-color has-text-align-center\">Wspieraj naszych rolnik\u00f3w<\/h1><\/div>\n\n\n\n<div class=\"wp-block-stackable-text stk-block-text stk-block stk-9c9bcff\" data-block-id=\"9c9bcff\"><style>.stk-9c9bcff .stk-block-text__text{font-size:21px !important;color:var(--theme-palette-color-8, #ffffff) !important;line-height:31.5px !important;font-weight:400 !important;font-family:\"Montserrat\", Sans-serif !important;}@media screen and (max-width:999px){.stk-9c9bcff .stk-block-text__text{font-size:21px !important;}}<\/style><p class=\"stk-block-text__text has-text-color\">Z niekt\u00f3rymi z naszych rolnik\u00f3w wsp\u00f3\u0142pracujemy od samego pocz\u0105tku. Mamy globalny dost\u0119p do j\u0119czmienia, ale co najwa\u017cniejsze, w pierwszej kolejno\u015bci wspieramy nasze farmy w Polsce. Jeste\u015bmy zaanga\u017cowani w rozw\u00f3j lokalnych rolnik\u00f3w. Nasi specjali\u015bci ds. zaopatrzenia w j\u0119czmie\u0144 wsp\u00f3\u0142pracuj\u0105 bezpo\u015brednio z naszymi rolnikami, aby zapewni\u0107 najwy\u017csz\u0105 jako\u015b\u0107 j\u0119czmienia na dzisiejszym rynku.<\/p><\/div>\n<\/div><\/div><\/div>\n<\/div><\/div>\n\n\n\n<div class=\"wp-block-stackable-columns alignfull stk-block-columns stk-block stk-bd8e6d0\" data-block-id=\"bd8e6d0\"><style>.stk-bd8e6d0 {margin-bottom:0px !important;}<\/style><div class=\"stk-row stk-inner-blocks stk-block-content stk-content-align stk-bd8e6d0-column alignfull\">\n<div class=\"wp-block-stackable-column stk-block-column stk-column stk-block stk-34a2951 stk-block-background stk--has-background-overlay\" data-v=\"4\" data-block-id=\"34a2951\"><style>.stk-34a2951 {background-image:url(https:\/\/www.malteuropmaltingco.pl\/wp-content\/uploads\/2025\/03\/fa6b5cf7-fb51-813a-2c19-c53748304118-IMG0003.avif) !important;}<\/style><div class=\"stk-column-wrapper stk-block-column__content stk-container stk-34a2951-container stk--no-background stk--no-padding\"><div class=\"stk-block-content stk-inner-blocks stk-34a2951-inner-blocks\"><\/div><\/div><\/div>\n\n\n\n<div class=\"wp-block-stackable-column stk-block-column stk-column stk-block stk-43b1170 stk-block-background\" data-v=\"4\" data-block-id=\"43b1170\"><style>.stk-43b1170 {background-color:#f7f5f0 !important;padding-top:60px !important;padding-right:60px !important;padding-bottom:60px !important;padding-left:60px !important;}.stk-43b1170:before{background-color:#f7f5f0 !important;}@media screen and (max-width:999px){.stk-43b1170 {padding-top:30px !important;padding-right:30px !important;padding-bottom:30px !important;padding-left:30px !important;}}@media screen and (max-width:689px){.stk-43b1170 {padding-top:20px !important;padding-right:20px !important;padding-bottom:20px !important;padding-left:20px !important;}}<\/style><div class=\"stk-column-wrapper stk-block-column__content stk-container stk-43b1170-container stk--no-background stk--no-padding\"><div class=\"stk-block-content stk-inner-blocks stk-43b1170-inner-blocks\">\n<div class=\"wp-block-stackable-heading stk-block-heading stk-block-heading--v2 stk-block stk-7c30cf0\" id=\"poznaj-nasza-slodownie\" data-block-id=\"7c30cf0\"><style>.stk-7c30cf0 {margin-bottom:60px !important;}@media screen and (max-width:999px){.stk-7c30cf0 {margin-bottom:30px !important;}}@media screen and (max-width:689px){.stk-7c30cf0 {margin-bottom:20px !important;}}<\/style><h2 class=\"stk-block-heading__text\">Poznaj nasz\u0105 s\u0142odownie<\/h2><\/div>\n\n\n\n<div class=\"wp-block-stackable-heading stk-block-heading stk-block-heading--v2 stk-block stk-23c8398\" id=\"proces-slodowania\" data-block-id=\"23c8398\"><style>.stk-23c8398 {margin-bottom:0px !important;}.stk-23c8398 .stk-block-heading__text{font-size:24px !important;color:var(--theme-palette-color-1, #353b41) !important;}@media screen and (max-width:999px){.stk-23c8398 .stk-block-heading__text{font-size:24px !important;}}<\/style><h3 class=\"stk-block-heading__text has-text-color\">Proces s\u0142odowania<\/h3><\/div>\n\n\n\n<div class=\"wp-block-stackable-text stk-block-text stk-block stk-d7968ca\" data-block-id=\"d7968ca\"><style>.stk-d7968ca .stk-block-text__text{font-size:15px !important;line-height:22.5px !important;font-weight:400 !important;font-family:\"Montserrat\", Sans-serif !important;}@media screen and (max-width:999px){.stk-d7968ca .stk-block-text__text{font-size:15px !important;}}<\/style><p class=\"stk-block-text__text\">Trudno\u015b\u0107, a tak\u017ce fascynacja rzemios\u0142em naszych s\u0142odownik\u00f3w polega na ich zdolno\u015bci do przekszta\u0142cania \u017cywych, naturalnych produkt\u00f3w, kt\u00f3re z natury s\u0105 zmienne, w r\u00f3\u017cnorodne standardowe produkty, kt\u00f3re zapewniaj\u0105 wysoce sp\u00f3jne smaki, kolory, aromaty i wydajno\u015b\u0107. Dzi\u0119ki naszej rozleg\u0142ej wiedzy na temat s\u0142odowania oraz skrupulatnej receptury i testowania, dostarczamy najwy\u017cszej jako\u015bci s\u0142ody premium, kt\u00f3re konsekwentnie i niezawodnie odpowiadaj\u0105 specyfikacjom naszych browar\u00f3w, za ka\u017cdym razem.<\/p><\/div>\n\n\n\n<div class=\"wp-block-stackable-heading stk-block-heading stk-block-heading--v2 stk-block stk-0d93685\" id=\"serwis-techniczny-i-zapewnienie-jakosci\" data-block-id=\"0d93685\"><style>.stk-0d93685 {margin-bottom:0px !important;}.stk-0d93685 .stk-block-heading__text{font-size:24px !important;color:var(--theme-palette-color-1, #353b41) !important;}@media screen and (max-width:999px){.stk-0d93685 .stk-block-heading__text{font-size:24px !important;}}<\/style><h3 class=\"stk-block-heading__text has-text-color\">Serwis techniczny i zapewnienie jako\u015bci<\/h3><\/div>\n\n\n\n<div class=\"wp-block-stackable-text stk-block-text stk-block stk-d9ced34\" data-block-id=\"d9ced34\"><style>.stk-d9ced34 .stk-block-text__text{font-size:15px !important;line-height:22.5px !important;font-weight:400 !important;font-family:\"Montserrat\", Sans-serif !important;}@media screen and (max-width:999px){.stk-d9ced34 .stk-block-text__text{font-size:15px !important;}}<\/style><p class=\"stk-block-text__text\">Po\u015bwi\u0119camy si\u0119 najwy\u017cszemu poziomowi obs\u0142ugi technicznej \u015bwiadczonej przez doskonale wyszkolony zesp\u00f3\u0142. Poprzez proces analizy i ci\u0105g\u0142ego doskonalenia naszego laboratorium zapewniamy jako\u015b\u0107 ka\u017cdej partii produkcyjnej.<\/p><\/div>\n<\/div><\/div><\/div>\n<\/div><\/div>\n\n\n\n<div class=\"wp-block-stackable-columns stk-block-columns stk-block stk-46b48ec\" data-block-id=\"46b48ec\"><div class=\"stk-row stk-inner-blocks stk-block-content stk-content-align stk-46b48ec-column\">\n<div class=\"wp-block-stackable-column stk-block-column stk-column stk-block stk-d7e1adc\" data-v=\"4\" data-block-id=\"d7e1adc\"><div class=\"stk-column-wrapper stk-block-column__content stk-container stk-d7e1adc-container stk--no-background stk--no-padding\"><div class=\"stk-block-content stk-inner-blocks stk-d7e1adc-inner-blocks\">\n<div class=\"wp-block-stackable-spacer stk-block-spacer stk--no-padding stk-block stk-d5f6fbf\" data-block-id=\"d5f6fbf\"><\/div>\n\n\n\n<div class=\"wp-block-stackable-heading stk-block-heading stk-block-heading--v2 stk-block stk-f9fdb83\" id=\"wiadomosci-i-edukacja\" data-block-id=\"f9fdb83\"><style>.stk-f9fdb83 .stk-block-heading__text{font-size:50px !important;color:#161749 !important;}@media screen and (max-width:999px){.stk-f9fdb83 .stk-block-heading__text{font-size:50px !important;}}<\/style><h2 class=\"stk-block-heading__text has-text-color has-text-align-center\">Wiadomo\u015bci i edukacja<\/h2><\/div>\n\n\n\n<div class=\"wp-block-stackable-subtitle stk-block-subtitle stk-block stk-aa9f226\" data-block-id=\"aa9f226\"><p class=\"stk-block-subtitle__text stk-subtitle has-text-align-center\">Mamy wiadomo\u015bci temat promocji oraz ma\u0142\u0105 edukacj\u0119 kt\u00f3rymi chcemy si\u0119 z wami podzieli\u0107. Zapisz si\u0119 do naszego newslettera, a my z pewno\u015bci\u0105 podzielimy si\u0119 z tob\u0105 wszystkimi nowinami!<\/p><\/div>\n\n\n\n<div class=\"wp-block-stackable-text stk-block-text stk-block stk-e5fd11c\" data-block-id=\"e5fd11c\"><style class=\"stk-custom-css\">.stk-e5fd11c #wpcf7-f168-p239-o1 .wpcf7-form{display:grid !important;grid-template-columns:repeat(4,1fr) !important;gap:10px !important}.stk-e5fd11c #wpcf7-f168-p239-o1 .wpcf7-form p,.stk-e5fd11c #wpcf7-f168-p239-o1 .wpcf7-submit{width:100% !important;margin:0 !important}@media (max-width:690px){.stk-e5fd11c #wpcf7-f168-p239-o1 .wpcf7-form{display:block !important}.stk-e5fd11c #wpcf7-f168-p239-o1 .wpcf7-form p{width:100% !important;margin-bottom:10px !important}}<\/style><p class=\"stk-block-text__text\">\n<div class=\"wpcf7 no-js\" id=\"wpcf7-f168-o1\" lang=\"fr-FR\" dir=\"ltr\" data-wpcf7-id=\"168\">\n<div class=\"screen-reader-response\"><p role=\"status\" aria-live=\"polite\" aria-atomic=\"true\"><\/p> <ul><\/ul><\/div>\n<form action=\"\/pl\/wp-json\/wp\/v2\/pages\/239#wpcf7-f168-o1\" method=\"post\" class=\"wpcf7-form init\" aria-label=\"Formulaire de contact\" novalidate=\"novalidate\" data-status=\"init\">\n<fieldset class=\"hidden-fields-container\"><input type=\"hidden\" name=\"_wpcf7\" value=\"168\" \/><input type=\"hidden\" name=\"_wpcf7_version\" value=\"6.1.5\" \/><input type=\"hidden\" name=\"_wpcf7_locale\" value=\"fr_FR\" \/><input type=\"hidden\" name=\"_wpcf7_unit_tag\" value=\"wpcf7-f168-o1\" \/><input type=\"hidden\" name=\"_wpcf7_container_post\" value=\"0\" \/><input type=\"hidden\" name=\"_wpcf7_posted_data_hash\" value=\"\" \/>\n<\/fieldset>\n<p><span class=\"wpcf7-form-control-wrap\" data-name=\"your-name\"><input size=\"40\" maxlength=\"400\" class=\"wpcf7-form-control wpcf7-text wpcf7-validates-as-required\" autocomplete=\"name\" aria-required=\"true\" aria-invalid=\"false\" placeholder=\"Imi\u0119 i Nazwisko\" value=\"\" type=\"text\" name=\"your-name\" \/><\/span>\n<\/p>\n<p><span class=\"wpcf7-form-control-wrap\" data-name=\"your-email\"><input size=\"40\" maxlength=\"400\" class=\"wpcf7-form-control wpcf7-email wpcf7-validates-as-required wpcf7-text wpcf7-validates-as-email\" autocomplete=\"email\" aria-required=\"true\" aria-invalid=\"false\" placeholder=\"E-mail\" value=\"\" type=\"email\" name=\"your-email\" \/><\/span>\n<\/p>\n<p><span class=\"wpcf7-form-control-wrap\" data-name=\"phone\"><input size=\"40\" maxlength=\"400\" class=\"wpcf7-form-control wpcf7-tel wpcf7-validates-as-required wpcf7-text wpcf7-validates-as-tel\" aria-required=\"true\" aria-invalid=\"false\" placeholder=\"Telefon\" value=\"\" type=\"tel\" name=\"phone\" \/><\/span>\n<\/p>\n<p><input class=\"wpcf7-form-control wpcf7-submit has-spinner\" type=\"submit\" value=\"Do\u0142\u0105cz\" \/>\n<\/p><div class=\"wpcf7-response-output\" aria-hidden=\"true\"><\/div>\n<\/form>\n<\/div>\n<\/p><\/div>\n<\/div><\/div><\/div>\n<\/div><\/div>\n","protected":false},"excerpt":{"rendered":"<p>Wsp\u00f3lna pasja do rzemios\u0142a Uprawa j\u0119czmienia Malteurop u\u017cywa j\u0119czmienia rosn\u0105cego na najbardziej \u017cyznych glebach Polski. Znaczna wi\u0119kszo\u015b\u0107 j\u0119czmienia u\u017cywanego do produkcji s\u0142odu, uprawiana jest w p\u00f3\u0142nocnej cz\u0119\u015bci Polski, nieopodal naszej s\u0142odowni. Stowrzyli\u015bmy wieloletnie relacje partnerskie w zakresie uprawy j\u0119czmienia, kt\u00f3re \u0142\u0105cz\u0105 nas z plantatorami. Wsp\u00f3lnie zapewniamy solidne \u017ar\u00f3d\u0142o dostaw j\u0119czmienia do naszych s\u0142odowni \u2013 a [&hellip;]<\/p>\n","protected":false},"author":1,"featured_media":1311,"parent":0,"menu_order":0,"comment_status":"closed","ping_status":"closed","template":"","meta":{"_acf_changed":false,"_seopress_robots_primary_cat":"","_seopress_titles_title":"","_seopress_titles_desc":"","_seopress_robots_index":"","footnotes":""},"class_list":["post-239","page","type-page","status-publish","has-post-thumbnail","hentry"],"blocksy_meta":[],"acf":[],"_links":{"self":[{"href":"https:\/\/www.malteuropmaltingco.pl\/pl\/wp-json\/wp\/v2\/pages\/239","targetHints":{"allow":["GET"]}}],"collection":[{"href":"https:\/\/www.malteuropmaltingco.pl\/pl\/wp-json\/wp\/v2\/pages"}],"about":[{"href":"https:\/\/www.malteuropmaltingco.pl\/pl\/wp-json\/wp\/v2\/types\/page"}],"author":[{"embeddable":true,"href":"https:\/\/www.malteuropmaltingco.pl\/pl\/wp-json\/wp\/v2\/users\/1"}],"replies":[{"embeddable":true,"href":"https:\/\/www.malteuropmaltingco.pl\/pl\/wp-json\/wp\/v2\/comments?post=239"}],"version-history":[{"count":6,"href":"https:\/\/www.malteuropmaltingco.pl\/pl\/wp-json\/wp\/v2\/pages\/239\/revisions"}],"predecessor-version":[{"id":1263,"href":"https:\/\/www.malteuropmaltingco.pl\/pl\/wp-json\/wp\/v2\/pages\/239\/revisions\/1263"}],"wp:featuredmedia":[{"embeddable":true,"href":"https:\/\/www.malteuropmaltingco.pl\/pl\/wp-json\/wp\/v2\/media\/1311"}],"wp:attachment":[{"href":"https:\/\/www.malteuropmaltingco.pl\/pl\/wp-json\/wp\/v2\/media?parent=239"}],"curies":[{"name":"wp","href":"https:\/\/api.w.org\/{rel}","templated":true}]}}